{"id":11794,"date":"2016-01-05T17:09:30","date_gmt":"2016-01-05T16:09:30","guid":{"rendered":"http:\/\/2016.reguliq.de\/?page_id=11794"},"modified":"2022-05-12T10:50:13","modified_gmt":"2022-05-12T10:50:13","slug":"campo-de-aplicacion","status":"publish","type":"page","link":"https:\/\/reguliq.ch\/espanol\/campo-de-aplicacion\/","title":{"rendered":"Campo de aplicaci\u00f3n"},"content":{"rendered":"<p><div class=\"fusion-fullwidth fullwidth-box fusion-builder-row-1 hundred-percent-fullwidth non-hundred-percent-height-scrolling\" style=\"--awb-border-radius-top-left:0px;--awb-border-radius-top-right:0px;--awb-border-radius-bottom-right:0px;--awb-border-radius-bottom-left:0px;--awb-overflow:visible;--awb-padding-right:30px;--awb-padding-left:30px;--awb-flex-wrap:wrap;\" ><div class=\"fusion-builder-row fusion-row\"><div class=\"fusion-layout-column fusion_builder_column fusion-builder-column-0 fusion_builder_column_1_1 1_1 fusion-one-full fusion-column-first fusion-column-last fusion-column-no-min-height\" style=\"--awb-bg-size:cover;--awb-margin-bottom:0px;\"><div class=\"fusion-column-wrapper fusion-flex-column-wrapper-legacy\"><div class=\"fusion-section-separator section-separator triangle fusion-section-separator-1\" style=\"--awb-border-bottom:1px solid #1f2428;--awb-spacer-height:1px;--awb-svg-margin-left:0;--awb-svg-margin-right:0;--awb-icon-color:#1f2428;\"><div class=\"fusion-section-separator-svg\"><div class=\"divider-candy-arrow bottom\" style=\"top:0px;border-top-color: #1f2428;\"><\/div><div class=\"divider-candy bottom\" style=\"bottom:-21px;border-bottom:1px solid #1f2428;border-left:1px solid #1f2428;\"><\/div><\/div><div class=\"fusion-section-separator-spacer\"><div class=\"fusion-section-separator-spacer-height\"><\/div><\/div><\/div><div class=\"fusion-clearfix\"><\/div><\/div><\/div><\/div><\/div><div class=\"fusion-fullwidth fullwidth-box fusion-builder-row-2 nonhundred-percent-fullwidth non-hundred-percent-height-scrolling\" style=\"--awb-background-position:left top;--awb-border-sizes-top:0px;--awb-border-sizes-bottom:0px;--awb-border-sizes-left:0px;--awb-border-sizes-right:0px;--awb-border-radius-top-left:0px;--awb-border-radius-top-right:0px;--awb-border-radius-bottom-right:0px;--awb-border-radius-bottom-left:0px;--awb-padding-top:40px;--awb-padding-bottom:20px;--awb-background-color:#76b82a;--awb-flex-wrap:wrap;\" ><div class=\"fusion-builder-row fusion-row\"><div class=\"fusion-layout-column fusion_builder_column fusion-builder-column-1 fusion_builder_column_1_3 1_3 fusion-one-third fusion-column-first\" style=\"--awb-bg-size:cover;width:30.6666%; margin-right: 4%;\"><div class=\"fusion-column-wrapper fusion-flex-column-wrapper-legacy\"><div class=\"fusion-title title fusion-title-1 fusion-sep-none fusion-title-text fusion-title-size-three\"><h3 class=\"fusion-title-heading title-heading-left\" style=\"margin:0;\"><h1 style=\"text-align: center;\"><span style=\"color: #ffffff;\">LIMPIEZA DEL<br \/>\nMOTOR<br \/>\n<\/span><\/h1><\/h3><\/div><div class=\"fusion-image-element fusion-image-align-center in-legacy-container\" style=\"text-align:center;--awb-max-width:100px;--awb-caption-title-font-family:var(--h2_typography-font-family);--awb-caption-title-font-weight:var(--h2_typography-font-weight);--awb-caption-title-font-style:var(--h2_typography-font-style);--awb-caption-title-size:var(--h2_typography-font-size);--awb-caption-title-transform:var(--h2_typography-text-transform);--awb-caption-title-line-height:var(--h2_typography-line-height);--awb-caption-title-letter-spacing:var(--h2_typography-letter-spacing);\"><div class=\"imageframe-align-center\"><span class=\" fusion-imageframe imageframe-none imageframe-1 hover-type-none\"><img decoding=\"async\" src=\"https:\/\/reguliq.ch\/espanol\/wp-content\/uploads\/sites\/5\/layerslider\/reguLiQ-2\/Icon_Motor-300x300.png\" alt class=\"img-responsive\"\/><\/span><\/div><\/div><div class=\"fusion-sep-clear\"><\/div><div class=\"fusion-separator fusion-full-width-sep\" style=\"margin-left: auto;margin-right: auto;margin-top:10px;width:100%;\"><\/div><div class=\"fusion-sep-clear\"><\/div><div class=\"fusion-title title fusion-title-2 fusion-sep-none fusion-title-text fusion-title-size-three\"><h3 class=\"fusion-title-heading title-heading-left\" style=\"margin:0;\"><p style=\"text-align: center;\"><span style=\"color: #ffffff;\"> Motor limpio \u2013 bajos costos de mantenimiento \u2013 emisiones reducidas<\/span><\/p><\/h3><\/div><div class=\"fusion-text fusion-text-1\"><p style=\"text-align: center;\"><span style=\"color: #ffffff;\">Un motor limpio por el interior tiene menos emisi\u00f3n de contaminantes y por eso menos desgaste por uso en el largo plazo. Las enzimas reguLiQ eliminan y evitan incrustaciones por ejemplo en los pistones, v\u00e1lvulas, tubos de inyecci\u00f3n, ejes&#8230;<br \/>\n<\/span><\/p>\n<\/div><div class=\"fusion-clearfix\"><\/div><\/div><\/div><div class=\"fusion-layout-column fusion_builder_column fusion-builder-column-2 fusion_builder_column_1_3 1_3 fusion-one-third\" style=\"--awb-bg-size:cover;width:30.6666%; margin-right: 4%;\"><div class=\"fusion-column-wrapper fusion-flex-column-wrapper-legacy\"><div class=\"fusion-title title fusion-title-3 fusion-sep-none fusion-title-text fusion-title-size-three\"><h3 class=\"fusion-title-heading title-heading-left\" style=\"margin:0;\"><h1 style=\"text-align: center;\"><span style=\"color: #ffffff;\">LIMPIEZA DEL COMBUSTIBLE<br \/>\n<\/span><\/h1><\/h3><\/div><div class=\"fusion-image-element fusion-image-align-center in-legacy-container\" style=\"text-align:center;--awb-max-width:100px;--awb-caption-title-font-family:var(--h2_typography-font-family);--awb-caption-title-font-weight:var(--h2_typography-font-weight);--awb-caption-title-font-style:var(--h2_typography-font-style);--awb-caption-title-size:var(--h2_typography-font-size);--awb-caption-title-transform:var(--h2_typography-text-transform);--awb-caption-title-line-height:var(--h2_typography-line-height);--awb-caption-title-letter-spacing:var(--h2_typography-letter-spacing);\"><div class=\"imageframe-align-center\"><span class=\" fusion-imageframe imageframe-none imageframe-2 hover-type-none\"><img decoding=\"async\" src=\"https:\/\/reguliq.ch\/espanol\/wp-content\/uploads\/sites\/5\/layerslider\/reguLiQ-2\/Icon_Zapfhahn-300x300.png\" alt class=\"img-responsive\"\/><\/span><\/div><\/div><div class=\"fusion-sep-clear\"><\/div><div class=\"fusion-separator fusion-full-width-sep\" style=\"margin-left: auto;margin-right: auto;margin-top:10px;width:100%;\"><\/div><div class=\"fusion-sep-clear\"><\/div><div class=\"fusion-title title fusion-title-4 fusion-sep-none fusion-title-text fusion-title-size-three\"><h3 class=\"fusion-title-heading title-heading-left\" style=\"margin:0;\"><p style=\"text-align: center;\"><span style=\"color: #ffffff;\">Combustible limpio \u2013 combusti\u00f3n eficiente \u2013 reducci\u00f3n de consumo de combustible<\/span><\/p><\/h3><\/div><div class=\"fusion-text fusion-text-2\"><p style=\"text-align: center;\"><span style=\"color: #ffffff;\">Cuanto m\u00e1s limpio es el combustible mejor es su combusti\u00f3n.<br \/>\nDe este modo se mejora el rendimiento y se ahorra combustible.<br \/>\n<\/span><\/p>\n<\/div><div class=\"fusion-clearfix\"><\/div><\/div><\/div><div class=\"fusion-layout-column fusion_builder_column fusion-builder-column-3 fusion_builder_column_1_3 1_3 fusion-one-third fusion-column-last\" style=\"--awb-bg-size:cover;width:30.6666%;\"><div class=\"fusion-column-wrapper fusion-flex-column-wrapper-legacy\"><div class=\"fusion-title title fusion-title-5 fusion-sep-none fusion-title-text fusion-title-size-three\"><h3 class=\"fusion-title-heading title-heading-left\" style=\"margin:0;\"><h1 style=\"text-align: center;\"><span style=\"color: #ffffff;\">LIMPIEZA DEL<br \/>\nTANQUE<br \/>\n<\/span><\/h1><\/h3><\/div><div class=\"fusion-image-element fusion-image-align-center in-legacy-container\" style=\"text-align:center;--awb-max-width:100px;--awb-caption-title-font-family:var(--h2_typography-font-family);--awb-caption-title-font-weight:var(--h2_typography-font-weight);--awb-caption-title-font-style:var(--h2_typography-font-style);--awb-caption-title-size:var(--h2_typography-font-size);--awb-caption-title-transform:var(--h2_typography-text-transform);--awb-caption-title-line-height:var(--h2_typography-line-height);--awb-caption-title-letter-spacing:var(--h2_typography-letter-spacing);\"><div class=\"imageframe-align-center\"><span class=\" fusion-imageframe imageframe-none imageframe-3 hover-type-none\"><img decoding=\"async\" src=\"https:\/\/reguliq.ch\/espanol\/wp-content\/uploads\/sites\/5\/layerslider\/reguLiQ-2\/Icon_Oeltank-300x300.png\" alt class=\"img-responsive\"\/><\/span><\/div><\/div><div class=\"fusion-sep-clear\"><\/div><div class=\"fusion-separator fusion-full-width-sep\" style=\"margin-left: auto;margin-right: auto;margin-top:10px;width:100%;\"><\/div><div class=\"fusion-sep-clear\"><\/div><div class=\"fusion-title title fusion-title-6 fusion-sep-none fusion-title-text fusion-title-size-three\"><h3 class=\"fusion-title-heading title-heading-left\" style=\"margin:0;\"><p style=\"text-align: center;\"><span style=\"color: #ffffff;\">Las enzimas ReguLiQ eliminan las bacterias y los g\u00e9rmenes directamente en el tanque, el caldo de cultivo.<\/span><\/p><\/h3><\/div><div class=\"fusion-text fusion-text-3\"><p style=\"text-align: center;\"><span style=\"color: #ffffff;\">Incrustaciones en el tanque consisten en levaduras, hongos, germinaciones y bacterias.<br \/>\nUna adici\u00f3n regularmente puede prevenir las incrustaciones permanentemente disolvi\u00e9ndolas y limpiando el combustible.<br \/>\n<\/span><\/p>\n<\/div><div class=\"fusion-clearfix\"><\/div><\/div><\/div><\/div><\/div><div class=\"fusion-fullwidth fullwidth-box fusion-builder-row-3 nonhundred-percent-fullwidth non-hundred-percent-height-scrolling\" style=\"--awb-background-position:left top;--awb-border-sizes-top:0px;--awb-border-sizes-bottom:0px;--awb-border-sizes-left:0px;--awb-border-sizes-right:0px;--awb-border-radius-top-left:0px;--awb-border-radius-top-right:0px;--awb-border-radius-bottom-right:0px;--awb-border-radius-bottom-left:0px;--awb-padding-top:20px;--awb-padding-bottom:20px;--awb-flex-wrap:wrap;\" ><div class=\"fusion-builder-row fusion-row\"><div class=\"fusion-layout-column fusion_builder_column fusion-builder-column-4 fusion_builder_column_2_3 2_3 fusion-two-third fusion-column-first\" style=\"--awb-bg-size:cover;width:65.3333%; margin-right: 4%;\"><div class=\"fusion-column-wrapper fusion-flex-column-wrapper-legacy\"><div class=\"fusion-title title fusion-title-7 fusion-sep-none fusion-title-text fusion-title-size-three\"><h3 class=\"fusion-title-heading title-heading-left\" style=\"margin:0;\"><h1>Las enzimas reguLiQ limpian y optimizan todo tipo de combustibles como por ejemplo gasoil pesado (HFO), gasoil marino (MDO), di\u00e9sel, biodi\u00e9sel, gasolina y combutible para calefacci\u00f3n (fuel\u00f3leo).<\/h1><\/h3><\/div><div class=\"fusion-clearfix\"><\/div><\/div><\/div><div class=\"fusion-layout-column fusion_builder_column fusion-builder-column-5 fusion_builder_column_1_3 1_3 fusion-one-third fusion-column-last\" style=\"--awb-bg-size:cover;width:30.6666%;\"><div class=\"fusion-column-wrapper fusion-flex-column-wrapper-legacy\"><div class=\"fusion-title title fusion-title-8 fusion-sep-none fusion-title-text fusion-title-size-three\"><h3 class=\"fusion-title-heading title-heading-left\" style=\"margin:0;\"><h3>El uso de\u00a0enzimas reguLiQ lleva a:<\/h3><\/h3><\/div><ul style=\"--awb-size:13px;--awb-line-height:22.1px;--awb-icon-width:22.1px;--awb-icon-height:22.1px;--awb-icon-margin:9.1px;--awb-content-margin:31.2px;--awb-circlecolor:#cd1719;--awb-circle-yes-font-size:11.44px;\" class=\"fusion-checklist fusion-checklist-1 fusion-checklist-default type-icons\"><li class=\"fusion-li-item\" style=\"\"><span class=\"icon-wrapper circle-yes\"><i class=\"fusion-li-icon fa fa-plus\" aria-hidden=\"true\"><\/i><\/span><div class=\"fusion-li-item-content\">\n<p>Reducci\u00f3n de holl\u00edn hasta 50%<\/p>\n<\/div><\/li><li class=\"fusion-li-item\" style=\"\"><span class=\"icon-wrapper circle-yes\"><i class=\"fusion-li-icon fa fa-plus\" aria-hidden=\"true\"><\/i><\/span><div class=\"fusion-li-item-content\">\n<p>Disminuci\u00f3n de costos de mantenimiento<\/p>\n<\/div><\/li><li class=\"fusion-li-item\" style=\"\"><span class=\"icon-wrapper circle-yes\"><i class=\"fusion-li-icon fa fa-plus\" aria-hidden=\"true\"><\/i><\/span><div class=\"fusion-li-item-content\">\n<p>Alargamiento de los intervalos de mantenimiento<\/p>\n<\/div><\/li><li class=\"fusion-li-item\" style=\"\"><span class=\"icon-wrapper circle-yes\"><i class=\"fusion-li-icon fa fa-plus\" aria-hidden=\"true\"><\/i><\/span><div class=\"fusion-li-item-content\">\n<p>Ahorro de combustible<\/p>\n<\/div><\/li><\/ul>\n<div class=\"fusion-clearfix\"><\/div><\/div><\/div>\n<\/div><\/div><\/p>\n","protected":false},"excerpt":{"rendered":"","protected":false},"author":1,"featured_media":0,"parent":0,"menu_order":0,"comment_status":"closed","ping_status":"closed","template":"100-width.php","meta":{"footnotes":""},"class_list":["post-11794","page","type-page","status-publish","hentry"],"yoast_head":"<!-- This site is optimized with the Yoast SEO plugin v26.7 - https:\/\/yoast.com\/wordpress\/plugins\/seo\/ -->\n<title>Campo de aplicaci\u00f3n - reguLiQ-Enzimas<\/title>\n<meta name=\"robots\" content=\"index, follow, max-snippet:-1, max-image-preview:large, max-video-preview:-1\" \/>\n<link rel=\"canonical\" href=\"https:\/\/reguliq.ch\/espanol\/campo-de-aplicacion\/\" \/>\n<meta property=\"og:locale\" content=\"de_DE\" \/>\n<meta property=\"og:type\" content=\"article\" \/>\n<meta property=\"og:title\" content=\"Campo de aplicaci\u00f3n - reguLiQ-Enzimas\" \/>\n<meta property=\"og:url\" content=\"https:\/\/reguliq.ch\/espanol\/campo-de-aplicacion\/\" \/>\n<meta property=\"og:site_name\" content=\"reguLiQ-Enzimas\" \/>\n<meta property=\"article:modified_time\" content=\"2022-05-12T10:50:13+00:00\" \/>\n<meta property=\"og:image\" content=\"https:\/\/reguliq.ch\/espanol\/wp-content\/uploads\/sites\/5\/layerslider\/reguLiQ-2\/Icon_Motor-300x300.png\" \/>\n<meta name=\"twitter:card\" content=\"summary_large_image\" \/>\n<meta name=\"twitter:label1\" content=\"Gesch\u00e4tzte Lesezeit\" \/>\n\t<meta name=\"twitter:data1\" content=\"10\u00a0Minuten\" \/>\n<script type=\"application\/ld+json\" class=\"yoast-schema-graph\">{\"@context\":\"https:\/\/schema.org\",\"@graph\":[{\"@type\":\"WebPage\",\"@id\":\"https:\/\/reguliq.ch\/espanol\/campo-de-aplicacion\/\",\"url\":\"https:\/\/reguliq.ch\/espanol\/campo-de-aplicacion\/\",\"name\":\"Campo de aplicaci\u00f3n - reguLiQ-Enzimas\",\"isPartOf\":{\"@id\":\"https:\/\/reguliq.ch\/espanol\/#website\"},\"primaryImageOfPage\":{\"@id\":\"https:\/\/reguliq.ch\/espanol\/campo-de-aplicacion\/#primaryimage\"},\"image\":{\"@id\":\"https:\/\/reguliq.ch\/espanol\/campo-de-aplicacion\/#primaryimage\"},\"thumbnailUrl\":\"https:\/\/reguliq.ch\/espanol\/wp-content\/uploads\/sites\/5\/layerslider\/reguLiQ-2\/Icon_Motor-300x300.png\",\"datePublished\":\"2016-01-05T16:09:30+00:00\",\"dateModified\":\"2022-05-12T10:50:13+00:00\",\"breadcrumb\":{\"@id\":\"https:\/\/reguliq.ch\/espanol\/campo-de-aplicacion\/#breadcrumb\"},\"inLanguage\":\"de\",\"potentialAction\":[{\"@type\":\"ReadAction\",\"target\":[\"https:\/\/reguliq.ch\/espanol\/campo-de-aplicacion\/\"]}]},{\"@type\":\"ImageObject\",\"inLanguage\":\"de\",\"@id\":\"https:\/\/reguliq.ch\/espanol\/campo-de-aplicacion\/#primaryimage\",\"url\":\"https:\/\/reguliq.ch\/espanol\/wp-content\/uploads\/sites\/5\/layerslider\/reguLiQ-2\/Icon_Motor.png\",\"contentUrl\":\"https:\/\/reguliq.ch\/espanol\/wp-content\/uploads\/sites\/5\/layerslider\/reguLiQ-2\/Icon_Motor.png\",\"width\":319,\"height\":319},{\"@type\":\"BreadcrumbList\",\"@id\":\"https:\/\/reguliq.ch\/espanol\/campo-de-aplicacion\/#breadcrumb\",\"itemListElement\":[{\"@type\":\"ListItem\",\"position\":1,\"name\":\"Startseite\",\"item\":\"https:\/\/reguliq.ch\/espanol\/\"},{\"@type\":\"ListItem\",\"position\":2,\"name\":\"Campo de aplicaci\u00f3n\"}]},{\"@type\":\"WebSite\",\"@id\":\"https:\/\/reguliq.ch\/espanol\/#website\",\"url\":\"https:\/\/reguliq.ch\/espanol\/\",\"name\":\"reguLiQ-Enzimas\",\"description\":\"regulating liquids\",\"potentialAction\":[{\"@type\":\"SearchAction\",\"target\":{\"@type\":\"EntryPoint\",\"urlTemplate\":\"https:\/\/reguliq.ch\/espanol\/?s={search_term_string}\"},\"query-input\":{\"@type\":\"PropertyValueSpecification\",\"valueRequired\":true,\"valueName\":\"search_term_string\"}}],\"inLanguage\":\"de\"}]}<\/script>\n<!-- \/ Yoast SEO plugin. -->","yoast_head_json":{"title":"Campo de aplicaci\u00f3n - reguLiQ-Enzimas","robots":{"index":"index","follow":"follow","max-snippet":"max-snippet:-1","max-image-preview":"max-image-preview:large","max-video-preview":"max-video-preview:-1"},"canonical":"https:\/\/reguliq.ch\/espanol\/campo-de-aplicacion\/","og_locale":"de_DE","og_type":"article","og_title":"Campo de aplicaci\u00f3n - reguLiQ-Enzimas","og_url":"https:\/\/reguliq.ch\/espanol\/campo-de-aplicacion\/","og_site_name":"reguLiQ-Enzimas","article_modified_time":"2022-05-12T10:50:13+00:00","og_image":[{"url":"https:\/\/reguliq.ch\/espanol\/wp-content\/uploads\/sites\/5\/layerslider\/reguLiQ-2\/Icon_Motor-300x300.png","type":"","width":"","height":""}],"twitter_card":"summary_large_image","twitter_misc":{"Gesch\u00e4tzte Lesezeit":"10\u00a0Minuten"},"schema":{"@context":"https:\/\/schema.org","@graph":[{"@type":"WebPage","@id":"https:\/\/reguliq.ch\/espanol\/campo-de-aplicacion\/","url":"https:\/\/reguliq.ch\/espanol\/campo-de-aplicacion\/","name":"Campo de aplicaci\u00f3n - reguLiQ-Enzimas","isPartOf":{"@id":"https:\/\/reguliq.ch\/espanol\/#website"},"primaryImageOfPage":{"@id":"https:\/\/reguliq.ch\/espanol\/campo-de-aplicacion\/#primaryimage"},"image":{"@id":"https:\/\/reguliq.ch\/espanol\/campo-de-aplicacion\/#primaryimage"},"thumbnailUrl":"https:\/\/reguliq.ch\/espanol\/wp-content\/uploads\/sites\/5\/layerslider\/reguLiQ-2\/Icon_Motor-300x300.png","datePublished":"2016-01-05T16:09:30+00:00","dateModified":"2022-05-12T10:50:13+00:00","breadcrumb":{"@id":"https:\/\/reguliq.ch\/espanol\/campo-de-aplicacion\/#breadcrumb"},"inLanguage":"de","potentialAction":[{"@type":"ReadAction","target":["https:\/\/reguliq.ch\/espanol\/campo-de-aplicacion\/"]}]},{"@type":"ImageObject","inLanguage":"de","@id":"https:\/\/reguliq.ch\/espanol\/campo-de-aplicacion\/#primaryimage","url":"https:\/\/reguliq.ch\/espanol\/wp-content\/uploads\/sites\/5\/layerslider\/reguLiQ-2\/Icon_Motor.png","contentUrl":"https:\/\/reguliq.ch\/espanol\/wp-content\/uploads\/sites\/5\/layerslider\/reguLiQ-2\/Icon_Motor.png","width":319,"height":319},{"@type":"BreadcrumbList","@id":"https:\/\/reguliq.ch\/espanol\/campo-de-aplicacion\/#breadcrumb","itemListElement":[{"@type":"ListItem","position":1,"name":"Startseite","item":"https:\/\/reguliq.ch\/espanol\/"},{"@type":"ListItem","position":2,"name":"Campo de aplicaci\u00f3n"}]},{"@type":"WebSite","@id":"https:\/\/reguliq.ch\/espanol\/#website","url":"https:\/\/reguliq.ch\/espanol\/","name":"reguLiQ-Enzimas","description":"regulating liquids","potentialAction":[{"@type":"SearchAction","target":{"@type":"EntryPoint","urlTemplate":"https:\/\/reguliq.ch\/espanol\/?s={search_term_string}"},"query-input":{"@type":"PropertyValueSpecification","valueRequired":true,"valueName":"search_term_string"}}],"inLanguage":"de"}]}},"_links":{"self":[{"href":"https:\/\/reguliq.ch\/espanol\/wp-json\/wp\/v2\/pages\/11794","targetHints":{"allow":["GET"]}}],"collection":[{"href":"https:\/\/reguliq.ch\/espanol\/wp-json\/wp\/v2\/pages"}],"about":[{"href":"https:\/\/reguliq.ch\/espanol\/wp-json\/wp\/v2\/types\/page"}],"author":[{"embeddable":true,"href":"https:\/\/reguliq.ch\/espanol\/wp-json\/wp\/v2\/users\/1"}],"replies":[{"embeddable":true,"href":"https:\/\/reguliq.ch\/espanol\/wp-json\/wp\/v2\/comments?post=11794"}],"version-history":[{"count":19,"href":"https:\/\/reguliq.ch\/espanol\/wp-json\/wp\/v2\/pages\/11794\/revisions"}],"predecessor-version":[{"id":12471,"href":"https:\/\/reguliq.ch\/espanol\/wp-json\/wp\/v2\/pages\/11794\/revisions\/12471"}],"wp:attachment":[{"href":"https:\/\/reguliq.ch\/espanol\/wp-json\/wp\/v2\/media?parent=11794"}],"curies":[{"name":"wp","href":"https:\/\/api.w.org\/{rel}","templated":true}]}}