{"id":12135,"date":"2016-02-11T11:31:57","date_gmt":"2016-02-11T10:31:57","guid":{"rendered":"http:\/\/reguliq.de\/?page_id=12135"},"modified":"2024-07-31T13:22:41","modified_gmt":"2024-07-31T11:22:41","slug":"legal-notice","status":"publish","type":"page","link":"https:\/\/reguliq.ch\/en\/legal-notice\/","title":{"rendered":"Legal notice"},"content":{"rendered":"<p><div class=\"fusion-fullwidth fullwidth-box fusion-builder-row-1 nonhundred-percent-fullwidth non-hundred-percent-height-scrolling\" style=\"--awb-background-position:left top;--awb-border-sizes-top:0px;--awb-border-sizes-bottom:0px;--awb-border-sizes-left:0px;--awb-border-sizes-right:0px;--awb-border-radius-top-left:0px;--awb-border-radius-top-right:0px;--awb-border-radius-bottom-right:0px;--awb-border-radius-bottom-left:0px;--awb-padding-top:0px;--awb-padding-bottom:0px;--awb-flex-wrap:wrap;\" ><div class=\"fusion-builder-row fusion-row\"><div class=\"fusion-layout-column fusion_builder_column fusion-builder-column-0 fusion_builder_column_1_1 1_1 fusion-one-full fusion-column-first fusion-column-last fusion-column-no-min-height\" style=\"--awb-bg-size:cover;--awb-margin-bottom:0px;\"><div class=\"fusion-column-wrapper fusion-flex-column-wrapper-legacy\"><script type=\"text\/javascript\">jQuery(function() { _initLayerSlider( '#layerslider_4_q3ojyzx74wge', {sliderVersion: '6.7.6', type: 'fullwidth', responsiveUnder: 0, layersContainer: 0, allowFullscreen: true, hideUnder: 0, hideOver: 100000, pauseOnHover: 1, forceCycles: false, skin: 'v5', sliderFadeInDuration: 350, globalBGSize: 'cover', useSrcset: true, skinsPath: 'https:\/\/reguliq.ch\/en\/wp-content\/plugins\/LayerSlider\/assets\/static\/layerslider\/skins\/', performanceMode: true}); });<\/script><div id=\"layerslider_4_q3ojyzx74wge\"  class=\"ls-wp-container fitvidsignore ls-selectable\" style=\"width:1100px;height:250px;margin:0 auto;margin-bottom: 0px;\"><div class=\"ls-slide\" data-ls=\"duration:8000;transition2d:1;\"><img decoding=\"async\" width=\"1100\" height=\"250\" src=\"https:\/\/reguliq.ch\/en\/wp-content\/uploads\/sites\/4\/2019\/01\/WorldMaP-Reguliq_web.jpg\" class=\"ls-bg\" alt=\"\" srcset=\"https:\/\/reguliq.ch\/en\/wp-content\/uploads\/sites\/4\/2019\/01\/WorldMaP-Reguliq_web-200x45.jpg 200w, https:\/\/reguliq.ch\/en\/wp-content\/uploads\/sites\/4\/2019\/01\/WorldMaP-Reguliq_web-300x68.jpg 300w, https:\/\/reguliq.ch\/en\/wp-content\/uploads\/sites\/4\/2019\/01\/WorldMaP-Reguliq_web-400x91.jpg 400w, https:\/\/reguliq.ch\/en\/wp-content\/uploads\/sites\/4\/2019\/01\/WorldMaP-Reguliq_web-600x136.jpg 600w, https:\/\/reguliq.ch\/en\/wp-content\/uploads\/sites\/4\/2019\/01\/WorldMaP-Reguliq_web-768x175.jpg 768w, https:\/\/reguliq.ch\/en\/wp-content\/uploads\/sites\/4\/2019\/01\/WorldMaP-Reguliq_web-800x182.jpg 800w, https:\/\/reguliq.ch\/en\/wp-content\/uploads\/sites\/4\/2019\/01\/WorldMaP-Reguliq_web-1024x233.jpg 1024w, https:\/\/reguliq.ch\/en\/wp-content\/uploads\/sites\/4\/2019\/01\/WorldMaP-Reguliq_web.jpg 1100w\" sizes=\"(max-width: 1100px) 100vw, 1100px\" \/><\/div><\/div><div class=\"fusion-clearfix\"><\/div><\/div><\/div><\/div><\/div><div class=\"fusion-fullwidth fullwidth-box fusion-builder-row-2 hundred-percent-fullwidth non-hundred-percent-height-scrolling\" style=\"--awb-border-radius-top-left:0px;--awb-border-radius-top-right:0px;--awb-border-radius-bottom-right:0px;--awb-border-radius-bottom-left:0px;--awb-overflow:visible;--awb-padding-right:30px;--awb-padding-left:30px;--awb-flex-wrap:wrap;\" ><div class=\"fusion-builder-row fusion-row\"><div class=\"fusion-layout-column fusion_builder_column fusion-builder-column-1 fusion_builder_column_1_1 1_1 fusion-one-full fusion-column-first fusion-column-last fusion-column-no-min-height\" style=\"--awb-bg-size:cover;--awb-margin-bottom:0px;\"><div class=\"fusion-column-wrapper fusion-flex-column-wrapper-legacy\"><div class=\"fusion-section-separator section-separator triangle fusion-section-separator-1\" style=\"--awb-border-bottom:1px solid #ffffff;--awb-spacer-height:1px;--awb-svg-margin-left:0;--awb-svg-margin-right:0;--awb-icon-color:#ffffff;\"><div class=\"fusion-section-separator-svg\"><div class=\"divider-candy-arrow bottom\" style=\"top:0px;border-top-color: #ffffff;\"><\/div><div class=\"divider-candy bottom\" style=\"bottom:-21px;border-bottom:1px solid #ffffff;border-left:1px solid #ffffff;\"><\/div><\/div><div class=\"fusion-section-separator-spacer\"><div class=\"fusion-section-separator-spacer-height\"><\/div><\/div><\/div><div class=\"fusion-clearfix\"><\/div><\/div><\/div><\/div><\/div><div class=\"fusion-fullwidth fullwidth-box fusion-builder-row-3 nonhundred-percent-fullwidth non-hundred-percent-height-scrolling\" style=\"--awb-background-position:left top;--awb-border-sizes-top:0px;--awb-border-sizes-bottom:0px;--awb-border-sizes-left:0px;--awb-border-sizes-right:0px;--awb-border-radius-top-left:0px;--awb-border-radius-top-right:0px;--awb-border-radius-bottom-right:0px;--awb-border-radius-bottom-left:0px;--awb-padding-top:40px;--awb-padding-bottom:20px;--awb-background-color:#0093c6;--awb-flex-wrap:wrap;\" ><div class=\"fusion-builder-row fusion-row\"><div class=\"fusion-layout-column fusion_builder_column fusion-builder-column-2 fusion_builder_column_1_1 1_1 fusion-one-full fusion-column-first fusion-column-last fusion-column-no-min-height\" style=\"--awb-bg-size:cover;--awb-margin-bottom:0px;\"><div class=\"fusion-column-wrapper fusion-flex-column-wrapper-legacy\"><div class=\"fusion-title title fusion-title-1 fusion-sep-none fusion-title-center fusion-title-text fusion-title-size-one\"><h1 class=\"fusion-title-heading title-heading-center fusion-responsive-typography-calculated\" style=\"margin:0;--fontSize:30;line-height:1.4;\"><p style=\"text-align: center;\"><span style=\"color: #ffffff;\">LEGAL NOTICE<\/span><\/p><\/h1><\/div><div class=\"fusion-text fusion-text-1\"><h2 style=\"text-align: center;\"><span style=\"color: #ffffff;\"> reguLiQ AG . Bahnhofstrasse 31 . 8280 Kreuzlingen . Schweiz . <a style=\"color: #ffffff;\" href=\"mailto:info@reguliq.com\">info@reguliq.com<\/a><\/span><\/h2>\n<\/div><div class=\"fusion-clearfix\"><\/div><\/div><\/div><\/div><\/div><div class=\"fusion-fullwidth fullwidth-box fusion-builder-row-4 nonhundred-percent-fullwidth non-hundred-percent-height-scrolling\" style=\"--awb-background-position:left top;--awb-border-sizes-top:0px;--awb-border-sizes-bottom:0px;--awb-border-sizes-left:0px;--awb-border-sizes-right:0px;--awb-border-radius-top-left:0px;--awb-border-radius-top-right:0px;--awb-border-radius-bottom-right:0px;--awb-border-radius-bottom-left:0px;--awb-padding-top:20px;--awb-padding-bottom:20px;--awb-flex-wrap:wrap;\" ><div class=\"fusion-builder-row fusion-row\"><div class=\"fusion-layout-column fusion_builder_column fusion-builder-column-3 fusion_builder_column_1_1 1_1 fusion-one-full fusion-column-first fusion-column-last fusion-column-no-min-height\" style=\"--awb-bg-size:cover;--awb-margin-bottom:0px;\"><div class=\"fusion-column-wrapper fusion-flex-column-wrapper-legacy\"><div class=\"fusion-clearfix\"><\/div><\/div><\/div><div class=\"fusion-layout-column fusion_builder_column fusion-builder-column-4 fusion_builder_column_1_2 1_2 fusion-one-half fusion-column-first\" style=\"--awb-bg-size:cover;width:48%; margin-right: 4%;\"><div class=\"fusion-column-wrapper fusion-flex-column-wrapper-legacy\"><div class=\"fusion-column-content-centered\"><div class=\"fusion-column-content\"><div class=\"fusion-text fusion-text-2\"><p><strong>reguLIQ AG<\/strong><br \/>\nRalf Christian Aring (Director)<\/p>\n<p>Bahnhofstrasse 31<br \/>\nCH-8280 Kreuzlingen<br \/>\n+41 79 129 27 67<br \/>\n<a href=\"mailto:info@reguliq.com\">info@reguliq.com<\/a><\/p>\n<\/div><\/div><\/div><div class=\"fusion-clearfix\"><\/div><\/div><\/div><div class=\"fusion-layout-column fusion_builder_column fusion-builder-column-5 fusion_builder_column_1_2 1_2 fusion-one-half fusion-column-last\" style=\"--awb-bg-size:cover;width:48%;\"><div class=\"fusion-column-wrapper fusion-flex-column-wrapper-legacy\"><div class=\"fusion-column-content-centered\"><div class=\"fusion-column-content\"><div class=\"accordian fusion-accordian\" style=\"--awb-border-size:1px;--awb-icon-size:13px;--awb-content-font-size:16px;--awb-icon-alignment:left;--awb-hover-color:#f9f9f9;--awb-border-color:#cccccc;--awb-background-color:#ffffff;--awb-divider-color:#e0dede;--awb-divider-hover-color:#e0dede;--awb-icon-color:#ffffff;--awb-title-color:#055478;--awb-content-color:#333333;--awb-icon-box-color:#333333;--awb-toggle-hover-accent-color:#1a80b6;--awb-title-font-family:&quot;Open Sans&quot;;--awb-title-font-weight:400;--awb-title-font-style:normal;--awb-title-font-size:14px;--awb-content-font-family:&quot;Open Sans&quot;;--awb-content-font-style:normal;--awb-content-font-weight:400;\"><div class=\"panel-group fusion-toggle-icon-boxed\" id=\"accordion-12135-1\"><div class=\"fusion-panel panel-default panel-5a4f2ece79f284f70 fusion-toggle-has-divider\"><div class=\"panel-heading\"><h4 class=\"panel-title toggle\" id=\"toggle_5a4f2ece79f284f70\"><a aria-expanded=\"false\" aria-controls=\"5a4f2ece79f284f70\" role=\"button\" data-toggle=\"collapse\" data-parent=\"#accordion-12135-1\" data-target=\"#5a4f2ece79f284f70\" href=\"#5a4f2ece79f284f70\"><span class=\"fusion-toggle-icon-wrapper\" aria-hidden=\"true\"><i class=\"fa-fusion-box active-icon awb-icon-minus\" aria-hidden=\"true\"><\/i><i class=\"fa-fusion-box inactive-icon awb-icon-plus\" aria-hidden=\"true\"><\/i><\/span><span class=\"fusion-toggle-heading\">Pictures<\/span><\/a><\/h4><\/div><div id=\"5a4f2ece79f284f70\" class=\"panel-collapse collapse \" aria-labelledby=\"toggle_5a4f2ece79f284f70\"><div class=\"panel-body toggle-content fusion-clearfix\"><strong>Fotolia.com<\/strong><\/p>\n<p>Herbal essence Dropper \u00a9 hankimage9<br \/>\nBaustelle \u00a9 dieter76<br \/>\nOil Rig \u00a9 Kovalenko I<br \/>\nCity bus \u00a9 tbob j. affelwoolf<br \/>\nLogistics banner \u00a9 Arsel<br \/>\nBaumaschinen und Baufahrzeuge \u00a9 scusi<br \/>\ntransportation silhouettes collection 2 \u00a9 Bojanovic78<br \/>\nsilhouettes of sea yachts, towboat and the ships \u00a9 Dmitriy Rumyantsev<br \/>\nTipper Dump Truck \u00a9 nerthuz<br \/>\nhite model of the digger \u00a9 Anton Novikov<br \/>\nisolated transport \u00a9 Sergiy Serdyuk<br \/>\nFreight Transportation \u00a9 nerthuz<br \/>\nWorld Map, Globes Icons and Symbols \u00a9 dikobrazik<\/p>\n<p><strong>istockphoto.com<\/strong><\/p>\n<p>Transparent leaves 60207686 \u00a9 Delpixart<br \/>\nHand Full of Oil \u00a9 alacatr<br \/>\noil drop \u00a9 Okea<br \/>\nOil Industry \u00a9 AlonzoDesign<\/p>\n<p>&nbsp;<\/p>\n<p><strong>Branchen<\/strong><\/p>\n<p>\u00d6ltanks, Binnenschiff, Containerschiff \u00a9 Rolf Isele<\/div><\/div><\/div><div class=\"fusion-panel panel-default panel-470cb3d9969dab654 fusion-toggle-has-divider\"><div class=\"panel-heading\"><h4 class=\"panel-title toggle\" id=\"toggle_470cb3d9969dab654\"><a aria-expanded=\"false\" aria-controls=\"470cb3d9969dab654\" role=\"button\" data-toggle=\"collapse\" data-parent=\"#accordion-12135-1\" data-target=\"#470cb3d9969dab654\" href=\"#470cb3d9969dab654\"><span class=\"fusion-toggle-icon-wrapper\" aria-hidden=\"true\"><i class=\"fa-fusion-box active-icon awb-icon-minus\" aria-hidden=\"true\"><\/i><i class=\"fa-fusion-box inactive-icon awb-icon-plus\" aria-hidden=\"true\"><\/i><\/span><span class=\"fusion-toggle-heading\">Copyright<\/span><\/a><\/h4><\/div><div id=\"470cb3d9969dab654\" class=\"panel-collapse collapse \" aria-labelledby=\"toggle_470cb3d9969dab654\"><div class=\"panel-body toggle-content fusion-clearfix\">\n<div id=\"42b03bbcb8c25bb8e\" class=\"panel-collapse collapse in\">\n<div class=\"panel-body toggle-content\">\n<p>Eine Vervielf\u00e4ltigung des Inhaltes unserer Web-Seiten oder Teilen davon ist in jeglicher Form untersagt. Ausgenommen hiervon ist der individuelle, private Gebrauch. Die private Nutzung berechtigt nicht zur Weitergabe von Inhalten an Dritte. Die Erlaubnis zum individuellen, privaten Gebrauch beinhaltet dar\u00fcber hinaus nicht die Nutzung dieser Inhalte f\u00fcr Ver\u00f6ffentlichungen und sonstige Arbeiten. Sofern Zweifel \u00fcber den rechtm\u00e4\u00dfigen Gebrauch unserer Web-Inhalte bestehen sollten, wenden Sie sich bitte an uns.<\/p>\n<p><strong>Konzept, Gestaltung und Umsetzung<\/strong><br \/>\nUNIQUEFIVE.<br \/>\n<a href=\"http:\/\/www.un-5.com\" target=\"_blank\" rel=\"noopener\">www.un-5.com<\/a><\/p>\n<\/div>\n<\/div>\n<\/div><\/div><\/div><div class=\"fusion-panel panel-default panel-cac15b5728e8fd143 fusion-toggle-has-divider\"><div class=\"panel-heading\"><h4 class=\"panel-title toggle\" id=\"toggle_cac15b5728e8fd143\"><a aria-expanded=\"false\" aria-controls=\"cac15b5728e8fd143\" role=\"button\" data-toggle=\"collapse\" data-parent=\"#accordion-12135-1\" data-target=\"#cac15b5728e8fd143\" href=\"#cac15b5728e8fd143\"><span class=\"fusion-toggle-icon-wrapper\" aria-hidden=\"true\"><i class=\"fa-fusion-box active-icon awb-icon-minus\" aria-hidden=\"true\"><\/i><i class=\"fa-fusion-box inactive-icon awb-icon-plus\" aria-hidden=\"true\"><\/i><\/span><span class=\"fusion-toggle-heading\">Disclaimer<\/span><\/a><\/h4><\/div><div id=\"cac15b5728e8fd143\" class=\"panel-collapse collapse \" aria-labelledby=\"toggle_cac15b5728e8fd143\"><div class=\"panel-body toggle-content fusion-clearfix\">\n<p><b><span style=\"font-size: small;\">1. Content<\/span><\/b><br \/>\nThe author reserves the right not to be responsible for the topicality, correctness, completeness or quality of the information provided. Liability claims regarding damage caused by the use of any information provided, including any kind of information which is incomplete or incorrect,will therefore be rejected.<br \/>\nAll offers are not-binding and without obligation. Parts of the pages or the complete publication including all offers and information might be extended, changed or partly or completely deleted by the author without separate announcement.<\/p>\n<p><b><span style=\"font-size: small;\">2. Referrals and links<\/span><\/b><br \/>\nThe author is not responsible for any contents linked or referred to from his pages &#8211; unless he has full knowledge of illegal contents and would be able to prevent the visitors of his site fromviewing those pages. If any damage occurs by the use of information presented there, only the author of the respective pages might be liable, not the one who has linked to these pages. Furthermore the author is not liable for any postings or messages published by users of discussion boards, guestbooks or mailinglists provided on his page.<\/p>\n<p><b><span style=\"font-size: small;\">3. Copyright<\/span><\/b><br \/>\nThe author intended not to use any copyrighted material for the publication or, if not possible, to indicate the copyright of the respective object.<br \/>\nThe copyright for any material created by the author is reserved. Any duplication or use of objects such as images, diagrams, sounds or texts in other electronic or printed publications is not permitted without the author&#8217;s agreement.<\/p>\n<p><b><span style=\"font-size: small;\">4. Privacy policy<\/span><\/b><br \/>\nIf the opportunity for the input of personal or business data (email addresses, name, addresses) is given, the input of these data takes place voluntarily. The use and payment of all offered services are permitted &#8211; if and so far technically possible and reasonable &#8211; without specification of any personal data or under specification of anonymized data or an alias. The use of published postal addresses, telephone or fax numbers and email addresses for marketing purposes is prohibited, offenders sending unwanted spam messages will be punished.<\/p>\n<p><b><span style=\"font-size: small;\">5. Legal validity of this disclaimer<\/span><\/b><br \/>\nThis disclaimer is to be regarded as part of the internet publication which you were referred from. If sections or individual terms of this statement are not legal or correct, the content or validity of the other parts remain uninfluenced by this fact.<\/p>\n<\/div><\/div><\/div><div class=\"fusion-panel panel-default panel-41bd7009d21f3720e fusion-toggle-has-divider\"><div class=\"panel-heading\"><h4 class=\"panel-title toggle\" id=\"toggle_41bd7009d21f3720e\"><a aria-expanded=\"false\" aria-controls=\"41bd7009d21f3720e\" role=\"button\" data-toggle=\"collapse\" data-parent=\"#accordion-12135-1\" data-target=\"#41bd7009d21f3720e\" href=\"#41bd7009d21f3720e\"><span class=\"fusion-toggle-icon-wrapper\" aria-hidden=\"true\"><i class=\"fa-fusion-box active-icon awb-icon-minus\" aria-hidden=\"true\"><\/i><i class=\"fa-fusion-box inactive-icon awb-icon-plus\" aria-hidden=\"true\"><\/i><\/span><span class=\"fusion-toggle-heading\">Privacy Policy<\/span><\/a><\/h4><\/div><div id=\"41bd7009d21f3720e\" class=\"panel-collapse collapse \" aria-labelledby=\"toggle_41bd7009d21f3720e\"><div class=\"panel-body toggle-content fusion-clearfix\">\n<p><a href=\"https:\/\/reguliq.ch\/en\/data-protection\/\">Privacy Policy<\/a><\/p>\n<\/div><\/div><\/div><\/div><\/div><\/div><\/div><div class=\"fusion-clearfix\"><\/div><\/div><\/div><\/div><\/div><\/p>\n","protected":false},"excerpt":{"rendered":"","protected":false},"author":1,"featured_media":0,"parent":0,"menu_order":0,"comment_status":"closed","ping_status":"closed","template":"100-width.php","meta":{"footnotes":""},"class_list":["post-12135","page","type-page","status-publish","hentry"],"yoast_head":"<!-- This site is optimized with the Yoast SEO plugin v26.7 - https:\/\/yoast.com\/wordpress\/plugins\/seo\/ -->\n<title>Legal notice - reguLiQ enzymes<\/title>\n<meta name=\"robots\" content=\"index, follow, max-snippet:-1, max-image-preview:large, max-video-preview:-1\" \/>\n<link rel=\"canonical\" href=\"https:\/\/reguliq.ch\/en\/legal-notice\/\" \/>\n<meta property=\"og:locale\" content=\"en_US\" \/>\n<meta property=\"og:type\" content=\"article\" \/>\n<meta property=\"og:title\" content=\"Legal notice - reguLiQ enzymes\" \/>\n<meta property=\"og:url\" content=\"https:\/\/reguliq.ch\/en\/legal-notice\/\" \/>\n<meta property=\"og:site_name\" content=\"reguLiQ enzymes\" \/>\n<meta property=\"article:modified_time\" content=\"2024-07-31T11:22:41+00:00\" \/>\n<meta name=\"twitter:card\" content=\"summary_large_image\" \/>\n<meta name=\"twitter:label1\" content=\"Est. reading time\" \/>\n\t<meta name=\"twitter:data1\" content=\"3 minutes\" \/>\n<script type=\"application\/ld+json\" class=\"yoast-schema-graph\">{\"@context\":\"https:\/\/schema.org\",\"@graph\":[{\"@type\":\"WebPage\",\"@id\":\"https:\/\/reguliq.ch\/en\/legal-notice\/\",\"url\":\"https:\/\/reguliq.ch\/en\/legal-notice\/\",\"name\":\"Legal notice - reguLiQ enzymes\",\"isPartOf\":{\"@id\":\"https:\/\/reguliq.ch\/en\/#website\"},\"datePublished\":\"2016-02-11T10:31:57+00:00\",\"dateModified\":\"2024-07-31T11:22:41+00:00\",\"breadcrumb\":{\"@id\":\"https:\/\/reguliq.ch\/en\/legal-notice\/#breadcrumb\"},\"inLanguage\":\"en-US\",\"potentialAction\":[{\"@type\":\"ReadAction\",\"target\":[\"https:\/\/reguliq.ch\/en\/legal-notice\/\"]}]},{\"@type\":\"BreadcrumbList\",\"@id\":\"https:\/\/reguliq.ch\/en\/legal-notice\/#breadcrumb\",\"itemListElement\":[{\"@type\":\"ListItem\",\"position\":1,\"name\":\"Startseite\",\"item\":\"https:\/\/reguliq.ch\/en\/\"},{\"@type\":\"ListItem\",\"position\":2,\"name\":\"Legal notice\"}]},{\"@type\":\"WebSite\",\"@id\":\"https:\/\/reguliq.ch\/en\/#website\",\"url\":\"https:\/\/reguliq.ch\/en\/\",\"name\":\"reguLiQ enzymes\",\"description\":\"regulating liquids\",\"potentialAction\":[{\"@type\":\"SearchAction\",\"target\":{\"@type\":\"EntryPoint\",\"urlTemplate\":\"https:\/\/reguliq.ch\/en\/?s={search_term_string}\"},\"query-input\":{\"@type\":\"PropertyValueSpecification\",\"valueRequired\":true,\"valueName\":\"search_term_string\"}}],\"inLanguage\":\"en-US\"}]}<\/script>\n<!-- \/ Yoast SEO plugin. -->","yoast_head_json":{"title":"Legal notice - reguLiQ enzymes","robots":{"index":"index","follow":"follow","max-snippet":"max-snippet:-1","max-image-preview":"max-image-preview:large","max-video-preview":"max-video-preview:-1"},"canonical":"https:\/\/reguliq.ch\/en\/legal-notice\/","og_locale":"en_US","og_type":"article","og_title":"Legal notice - reguLiQ enzymes","og_url":"https:\/\/reguliq.ch\/en\/legal-notice\/","og_site_name":"reguLiQ enzymes","article_modified_time":"2024-07-31T11:22:41+00:00","twitter_card":"summary_large_image","twitter_misc":{"Est. reading time":"3 minutes"},"schema":{"@context":"https:\/\/schema.org","@graph":[{"@type":"WebPage","@id":"https:\/\/reguliq.ch\/en\/legal-notice\/","url":"https:\/\/reguliq.ch\/en\/legal-notice\/","name":"Legal notice - reguLiQ enzymes","isPartOf":{"@id":"https:\/\/reguliq.ch\/en\/#website"},"datePublished":"2016-02-11T10:31:57+00:00","dateModified":"2024-07-31T11:22:41+00:00","breadcrumb":{"@id":"https:\/\/reguliq.ch\/en\/legal-notice\/#breadcrumb"},"inLanguage":"en-US","potentialAction":[{"@type":"ReadAction","target":["https:\/\/reguliq.ch\/en\/legal-notice\/"]}]},{"@type":"BreadcrumbList","@id":"https:\/\/reguliq.ch\/en\/legal-notice\/#breadcrumb","itemListElement":[{"@type":"ListItem","position":1,"name":"Startseite","item":"https:\/\/reguliq.ch\/en\/"},{"@type":"ListItem","position":2,"name":"Legal notice"}]},{"@type":"WebSite","@id":"https:\/\/reguliq.ch\/en\/#website","url":"https:\/\/reguliq.ch\/en\/","name":"reguLiQ enzymes","description":"regulating liquids","potentialAction":[{"@type":"SearchAction","target":{"@type":"EntryPoint","urlTemplate":"https:\/\/reguliq.ch\/en\/?s={search_term_string}"},"query-input":{"@type":"PropertyValueSpecification","valueRequired":true,"valueName":"search_term_string"}}],"inLanguage":"en-US"}]}},"_links":{"self":[{"href":"https:\/\/reguliq.ch\/en\/wp-json\/wp\/v2\/pages\/12135","targetHints":{"allow":["GET"]}}],"collection":[{"href":"https:\/\/reguliq.ch\/en\/wp-json\/wp\/v2\/pages"}],"about":[{"href":"https:\/\/reguliq.ch\/en\/wp-json\/wp\/v2\/types\/page"}],"author":[{"embeddable":true,"href":"https:\/\/reguliq.ch\/en\/wp-json\/wp\/v2\/users\/1"}],"replies":[{"embeddable":true,"href":"https:\/\/reguliq.ch\/en\/wp-json\/wp\/v2\/comments?post=12135"}],"version-history":[{"count":13,"href":"https:\/\/reguliq.ch\/en\/wp-json\/wp\/v2\/pages\/12135\/revisions"}],"predecessor-version":[{"id":12613,"href":"https:\/\/reguliq.ch\/en\/wp-json\/wp\/v2\/pages\/12135\/revisions\/12613"}],"wp:attachment":[{"href":"https:\/\/reguliq.ch\/en\/wp-json\/wp\/v2\/media?parent=12135"}],"curies":[{"name":"wp","href":"https:\/\/api.w.org\/{rel}","templated":true}]}}